{"id":13,"date":"2024-11-22T10:33:37","date_gmt":"2024-11-22T10:33:37","guid":{"rendered":"http:\/\/ctih.local\/?page_id=2"},"modified":"2025-02-17T10:08:01","modified_gmt":"2025-02-17T10:08:01","slug":"homepage-hrvatski","status":"publish","type":"page","link":"https:\/\/ctih.ffzg.unizg.hr\/","title":{"rendered":"Homepage"},"content":{"rendered":"\n<p class=\"has-text-align-left\">CTIH povezuje istra\u017eiva\u010dke, izdava\u010dke, diseminacijske i nastavne aktivnosti koje se provode u okviru razli\u010ditih humanisti\u010dkih disciplina, a koje imaju naglasak na Teoriji. CTIH pokriva transdisciplinarno polje suvremene Teorije koja je od 60-ih godina 20. stolje\u0107a naovamo funkcionirala kao generator novih ideja, znanstvenih pristupa i metodologija. Na taj na\u010din Teorija je kroz razli\u010dite nove procedure mi\u0161ljenja koje je uvodila mijenjala disciplinarne okvire, ali se i osamostalila kao zaseban tip kriti\u010dkog diskursa koji apostrofira pitanja i probleme \u0161ire od pojedina\u010dnih podru\u010dja istra\u017eivanja (teorija diskursa, semiotika, postkolonijalna teorija, feministi\u010dka teorija, rodna teorija, marksisti\u010dka teorija, naratologija, politika estetike, teorija traume, teorija medija itd.). Nadovezuju\u0107i se na bogato teorijsko naslije\u0111e, ali i s obzirom na kapacitete Filozofskog fakulteta, aktivnosti koje \u0107e se provoditi u sklopu CTIH-a usmjerit \u0107e se, s jedne strane, na suvremene teorijske odgovore na aktualne kulturalne i dru\u0161tvene izazove, a s druge, na specifi\u010dne pojedina\u010dne fenomene kojima \u0107e kao polazi\u0161te poslu\u017eiti teorijska refleksija.\u00a0<br><a href=\"https:\/\/ctih.ffzg.unizg.hr\/index.php\/o-nama\/ctih\/\" data-type=\"page\" data-id=\"26\">O nama<\/a>\u00a0 <strong>\u2022<\/strong> <a href=\"https:\/\/ctih.ffzg.unizg.hr\/index.php\/djelatnosti\/polje-djelovanja\/\" data-type=\"page\" data-id=\"49\">Polje djelovanja<\/a><\/p>\n\n\n\n<p><\/p>\n","protected":false},"excerpt":{"rendered":"<p>CTIH povezuje istra\u017eiva\u010dke, izdava\u010dke, diseminacijske i nastavne aktivnosti koje se provode u okviru razli\u010ditih humanisti\u010dkih disciplina, a koje imaju naglasak na Teoriji. CTIH pokriva transdisciplinarno polje suvremene Teorije koja je od 60-ih godina 20. stolje\u0107a naovamo funkcionirala kao generator novih ideja, znanstvenih pristupa i metodologija. Na taj na\u010din Teorija je kroz razli\u010dite nove procedure mi\u0161ljenja<\/p>\n<p><a class=\"btn btn-secondary understrap-read-more-link\" href=\"https:\/\/ctih.ffzg.unizg.hr\/\">Read More<span class=\"screen-reader-text\"> from Homepage<\/span><\/a><\/p>\n","protected":false},"author":2,"featured_media":0,"parent":0,"menu_order":0,"comment_status":"closed","ping_status":"closed","template":"page-templates\/CTIH_homepage.php","meta":{"_acf_changed":false,"inline_featured_image":false,"footnotes":""},"class_list":["post-13","page","type-page","status-publish","hentry"],"acf":[],"_links":{"self":[{"href":"https:\/\/ctih.ffzg.unizg.hr\/index.php\/wp-json\/wp\/v2\/pages\/13","targetHints":{"allow":["GET"]}}],"collection":[{"href":"https:\/\/ctih.ffzg.unizg.hr\/index.php\/wp-json\/wp\/v2\/pages"}],"about":[{"href":"https:\/\/ctih.ffzg.unizg.hr\/index.php\/wp-json\/wp\/v2\/types\/page"}],"author":[{"embeddable":true,"href":"https:\/\/ctih.ffzg.unizg.hr\/index.php\/wp-json\/wp\/v2\/users\/2"}],"replies":[{"embeddable":true,"href":"https:\/\/ctih.ffzg.unizg.hr\/index.php\/wp-json\/wp\/v2\/comments?post=13"}],"version-history":[{"count":13,"href":"https:\/\/ctih.ffzg.unizg.hr\/index.php\/wp-json\/wp\/v2\/pages\/13\/revisions"}],"predecessor-version":[{"id":392,"href":"https:\/\/ctih.ffzg.unizg.hr\/index.php\/wp-json\/wp\/v2\/pages\/13\/revisions\/392"}],"wp:attachment":[{"href":"https:\/\/ctih.ffzg.unizg.hr\/index.php\/wp-json\/wp\/v2\/media?parent=13"}],"curies":[{"name":"wp","href":"https:\/\/api.w.org\/{rel}","templated":true}]}}