{"id":168,"date":"2024-12-04T13:29:43","date_gmt":"2024-12-04T13:29:43","guid":{"rendered":"https:\/\/ctih.ffzg.unizg.hr\/?page_id=168"},"modified":"2024-12-04T13:29:43","modified_gmt":"2024-12-04T13:29:43","slug":"knjizevno-filmski-program-klasici-juznoslavenskih-knjizevnosti-na-filmu","status":"publish","type":"page","link":"https:\/\/ctih.ffzg.unizg.hr\/index.php\/djelatnosti\/diseminacija\/knjizevno-filmski-program-klasici-juznoslavenskih-knjizevnosti-na-filmu\/","title":{"rendered":"Knji\u017eevno-filmski program Klasici ju\u017enoslavenskih knji\u017eevnosti na filmu"},"content":{"rendered":"","protected":false},"excerpt":{"rendered":"<p><a class=\"btn btn-secondary understrap-read-more-link\" href=\"https:\/\/ctih.ffzg.unizg.hr\/index.php\/djelatnosti\/diseminacija\/knjizevno-filmski-program-klasici-juznoslavenskih-knjizevnosti-na-filmu\/\">Read More<span class=\"screen-reader-text\"> from Knji\u017eevno-filmski program Klasici ju\u017enoslavenskih knji\u017eevnosti na filmu<\/span><\/a><\/p>\n","protected":false},"author":2,"featured_media":0,"parent":57,"menu_order":0,"comment_status":"closed","ping_status":"closed","template":"","meta":{"_acf_changed":false,"inline_featured_image":false,"footnotes":""},"class_list":["post-168","page","type-page","status-publish","hentry"],"acf":[],"_links":{"self":[{"href":"https:\/\/ctih.ffzg.unizg.hr\/index.php\/wp-json\/wp\/v2\/pages\/168","targetHints":{"allow":["GET"]}}],"collection":[{"href":"https:\/\/ctih.ffzg.unizg.hr\/index.php\/wp-json\/wp\/v2\/pages"}],"about":[{"href":"https:\/\/ctih.ffzg.unizg.hr\/index.php\/wp-json\/wp\/v2\/types\/page"}],"author":[{"embeddable":true,"href":"https:\/\/ctih.ffzg.unizg.hr\/index.php\/wp-json\/wp\/v2\/users\/2"}],"replies":[{"embeddable":true,"href":"https:\/\/ctih.ffzg.unizg.hr\/index.php\/wp-json\/wp\/v2\/comments?post=168"}],"version-history":[{"count":1,"href":"https:\/\/ctih.ffzg.unizg.hr\/index.php\/wp-json\/wp\/v2\/pages\/168\/revisions"}],"predecessor-version":[{"id":169,"href":"https:\/\/ctih.ffzg.unizg.hr\/index.php\/wp-json\/wp\/v2\/pages\/168\/revisions\/169"}],"up":[{"embeddable":true,"href":"https:\/\/ctih.ffzg.unizg.hr\/index.php\/wp-json\/wp\/v2\/pages\/57"}],"wp:attachment":[{"href":"https:\/\/ctih.ffzg.unizg.hr\/index.php\/wp-json\/wp\/v2\/media?parent=168"}],"curies":[{"name":"wp","href":"https:\/\/api.w.org\/{rel}","templated":true}]}}