{"id":187,"date":"2024-12-04T13:38:02","date_gmt":"2024-12-04T13:38:02","guid":{"rendered":"https:\/\/ctih.ffzg.unizg.hr\/?page_id=187"},"modified":"2024-12-04T13:38:02","modified_gmt":"2024-12-04T13:38:02","slug":"okrugli-stol-buducnost-bespostedne-kritike-svega-postojeceg-povodom-60-obljetnice-pokretanja-jugoslavenskog-marksisticko-filozofskog-casopisa-praxis","status":"publish","type":"page","link":"https:\/\/ctih.ffzg.unizg.hr\/index.php\/djelatnosti\/diseminacija\/okrugli-stol-buducnost-bespostedne-kritike-svega-postojeceg-povodom-60-obljetnice-pokretanja-jugoslavenskog-marksisticko-filozofskog-casopisa-praxis\/","title":{"rendered":"Okrugli stol Budu\u0107nost bespo\u0161tedne kritike svega postoje\u0107eg, povodom 60. obljetnice pokretanja jugoslavenskog marksisti\u010dko-filozofskog \u010dasopisa Praxis"},"content":{"rendered":"\n<p>Suradnja Odsjeka za filozofiju i Centra za teorijska istra\u017eivanja u humanistici. Organizacija: izv. prof. dr. sc. Ankica \u010cakardi\u0107, izv. prof. dr. sc. Luka Bogdani\u0107, doc. dr. sc. Mislav \u017ditko. Vrijeme i mjesto odr\u017eavanja: 19. 12. 2024., Vije\u0107nica Filozofskog fakulteta<\/p>\n","protected":false},"excerpt":{"rendered":"<p>Suradnja Odsjeka za filozofiju i Centra za teorijska istra\u017eivanja u humanistici. Organizacija: izv. prof. dr. sc. Ankica \u010cakardi\u0107, izv. prof. dr. sc. Luka Bogdani\u0107, doc. dr. sc. Mislav \u017ditko. Vrijeme i mjesto odr\u017eavanja: 19. 12. 2024., Vije\u0107nica Filozofskog fakulteta<\/p>\n<p><a class=\"btn btn-secondary understrap-read-more-link\" href=\"https:\/\/ctih.ffzg.unizg.hr\/index.php\/djelatnosti\/diseminacija\/okrugli-stol-buducnost-bespostedne-kritike-svega-postojeceg-povodom-60-obljetnice-pokretanja-jugoslavenskog-marksisticko-filozofskog-casopisa-praxis\/\">Read More<span class=\"screen-reader-text\"> from Okrugli stol Budu\u0107nost bespo\u0161tedne kritike svega postoje\u0107eg, povodom 60. obljetnice pokretanja jugoslavenskog marksisti\u010dko-filozofskog \u010dasopisa Praxis<\/span><\/a><\/p>\n","protected":false},"author":2,"featured_media":0,"parent":57,"menu_order":0,"comment_status":"closed","ping_status":"closed","template":"page-templates\/CTIH_activity.php","meta":{"_acf_changed":false,"inline_featured_image":false,"footnotes":""},"class_list":["post-187","page","type-page","status-publish","hentry"],"acf":[],"_links":{"self":[{"href":"https:\/\/ctih.ffzg.unizg.hr\/index.php\/wp-json\/wp\/v2\/pages\/187","targetHints":{"allow":["GET"]}}],"collection":[{"href":"https:\/\/ctih.ffzg.unizg.hr\/index.php\/wp-json\/wp\/v2\/pages"}],"about":[{"href":"https:\/\/ctih.ffzg.unizg.hr\/index.php\/wp-json\/wp\/v2\/types\/page"}],"author":[{"embeddable":true,"href":"https:\/\/ctih.ffzg.unizg.hr\/index.php\/wp-json\/wp\/v2\/users\/2"}],"replies":[{"embeddable":true,"href":"https:\/\/ctih.ffzg.unizg.hr\/index.php\/wp-json\/wp\/v2\/comments?post=187"}],"version-history":[{"count":1,"href":"https:\/\/ctih.ffzg.unizg.hr\/index.php\/wp-json\/wp\/v2\/pages\/187\/revisions"}],"predecessor-version":[{"id":188,"href":"https:\/\/ctih.ffzg.unizg.hr\/index.php\/wp-json\/wp\/v2\/pages\/187\/revisions\/188"}],"up":[{"embeddable":true,"href":"https:\/\/ctih.ffzg.unizg.hr\/index.php\/wp-json\/wp\/v2\/pages\/57"}],"wp:attachment":[{"href":"https:\/\/ctih.ffzg.unizg.hr\/index.php\/wp-json\/wp\/v2\/media?parent=187"}],"curies":[{"name":"wp","href":"https:\/\/api.w.org\/{rel}","templated":true}]}}