{"id":49,"date":"2024-12-03T10:29:34","date_gmt":"2024-12-03T10:29:34","guid":{"rendered":"http:\/\/ctih.local\/?page_id=49"},"modified":"2025-01-21T14:41:18","modified_gmt":"2025-01-21T14:41:18","slug":"polje-djelovanja","status":"publish","type":"page","link":"https:\/\/ctih.ffzg.unizg.hr\/index.php\/djelatnosti\/polje-djelovanja\/","title":{"rendered":"Polje djelovanja"},"content":{"rendered":"\n<p><a href=\"https:\/\/ctih.ffzg.unizg.hr\/index.php\/djelatnosti\/istrazivanje\/\" data-type=\"page\" data-id=\"51\">Istra\u017eivanje<\/a> \u2013\u00a0 Centar provodi istra\u017eiva\u010dke djelatnost kroz razli\u010dite istra\u017eiva\u010dke projekte (institucijske, nacionalne i me\u0111unarodne), individualna istra\u017eivanja i kroz suradnju s drugim institucijama.<\/p>\n\n\n\n<p><a href=\"https:\/\/ctih.ffzg.unizg.hr\/index.php\/djelatnosti\/izdavastvo\/\" data-type=\"page\" data-id=\"55\">Izdava\u0161tvo<\/a> &#8211; U suradnji s doma\u0107im i inozemnim partnerima Centar sudjeluje u\u00a0 pokretanju i izdavanju znanstvenih \u010dasopisa, ali i drugih tiskanih i digitalnih izdanja.<\/p>\n\n\n\n<p><a href=\"https:\/\/ctih.ffzg.unizg.hr\/index.php\/djelatnosti\/diseminacija\/\" data-type=\"page\" data-id=\"57\">Diseminacija<\/a> &#8211; Centar samostalno i u suradnji s razli\u010ditim partnerima, unutar i izvan akademske zajednice, organizira serije tematski povezanih predavanja, konferencije, tribine, okrugle stolove, predstavljanja knjiga, radionice i \u010ditateljske klubove.<\/p>\n\n\n\n<p><a href=\"https:\/\/ctih.ffzg.unizg.hr\/index.php\/djelatnosti\/nastava\/\" data-type=\"page\" data-id=\"59\">Nastava<\/a> &#8211; U suradnji s doma\u0107im i me\u0111unarodnim partnerima Centar organizira ljetnu \u0161kolu. Osim ljetne \u0161kole Centar \u0107e studentima Filozofskog fakulteta redovito u sklopu fakultetske izbornosti nuditi kolegije i module proiza\u0161le iz suradnje vi\u0161e disciplina o temama za koje dijele zajedni\u010dki interes. Centar \u0107e razvijati suradnju s inozemnim sveu\u010dili\u0161tima u osmi\u0161ljavanju i izvedbi zajedni\u010dkih kolegija u sklopu dostupnih nacionalnih i me\u0111unarodnih programa financiranja.<br><\/p>\n","protected":false},"excerpt":{"rendered":"<p>Istra\u017eivanje \u2013\u00a0 Centar provodi istra\u017eiva\u010dke djelatnost kroz razli\u010dite istra\u017eiva\u010dke projekte (institucijske, nacionalne i me\u0111unarodne), individualna istra\u017eivanja i kroz suradnju s drugim institucijama. Izdava\u0161tvo &#8211; U suradnji s doma\u0107im i inozemnim partnerima Centar sudjeluje u\u00a0 pokretanju i izdavanju znanstvenih \u010dasopisa, ali i drugih tiskanih i digitalnih izdanja. Diseminacija &#8211; Centar samostalno i u suradnji s razli\u010ditim<\/p>\n<p><a class=\"btn btn-secondary understrap-read-more-link\" href=\"https:\/\/ctih.ffzg.unizg.hr\/index.php\/djelatnosti\/polje-djelovanja\/\">Read More<span class=\"screen-reader-text\"> from Polje djelovanja<\/span><\/a><\/p>\n","protected":false},"author":2,"featured_media":0,"parent":19,"menu_order":0,"comment_status":"closed","ping_status":"closed","template":"","meta":{"_acf_changed":false,"inline_featured_image":false,"footnotes":""},"class_list":["post-49","page","type-page","status-publish","hentry"],"acf":[],"_links":{"self":[{"href":"https:\/\/ctih.ffzg.unizg.hr\/index.php\/wp-json\/wp\/v2\/pages\/49","targetHints":{"allow":["GET"]}}],"collection":[{"href":"https:\/\/ctih.ffzg.unizg.hr\/index.php\/wp-json\/wp\/v2\/pages"}],"about":[{"href":"https:\/\/ctih.ffzg.unizg.hr\/index.php\/wp-json\/wp\/v2\/types\/page"}],"author":[{"embeddable":true,"href":"https:\/\/ctih.ffzg.unizg.hr\/index.php\/wp-json\/wp\/v2\/users\/2"}],"replies":[{"embeddable":true,"href":"https:\/\/ctih.ffzg.unizg.hr\/index.php\/wp-json\/wp\/v2\/comments?post=49"}],"version-history":[{"count":4,"href":"https:\/\/ctih.ffzg.unizg.hr\/index.php\/wp-json\/wp\/v2\/pages\/49\/revisions"}],"predecessor-version":[{"id":218,"href":"https:\/\/ctih.ffzg.unizg.hr\/index.php\/wp-json\/wp\/v2\/pages\/49\/revisions\/218"}],"up":[{"embeddable":true,"href":"https:\/\/ctih.ffzg.unizg.hr\/index.php\/wp-json\/wp\/v2\/pages\/19"}],"wp:attachment":[{"href":"https:\/\/ctih.ffzg.unizg.hr\/index.php\/wp-json\/wp\/v2\/media?parent=49"}],"curies":[{"name":"wp","href":"https:\/\/api.w.org\/{rel}","templated":true}]}}