{"id":59,"date":"2024-12-03T10:32:14","date_gmt":"2024-12-03T10:32:14","guid":{"rendered":"http:\/\/ctih.local\/?page_id=59"},"modified":"2026-02-11T18:10:30","modified_gmt":"2026-02-11T18:10:30","slug":"nastava","status":"publish","type":"page","link":"https:\/\/ctih.ffzg.unizg.hr\/index.php\/djelatnosti\/nastava\/","title":{"rendered":"Nastava"},"content":{"rendered":"\n<p>U suradnji s doma\u0107im i me\u0111unarodnim partnerima Centar organizira ljetnu \u0161kolu <em>Summer School in Critical Theory and Praxis<\/em> koja se odr\u017eava u Cresu. Osim ljetne \u0161kole, Centar studentima Filozofskog fakulteta redovito u sklopu fakultetske izbornosti nudi kolegije proiza\u0161le iz suradnje vi\u0161e disciplina o temama za koje dijele zajedni\u010dki interes. Dio kolegija uvr\u0161ten je i u program cjelo\u017eivotnog obrazovanja Filozofskog fakulteta. <\/p>\n\n\n\n<p>U akademskoj godini 2025.\/2026. \u010dlanovi Centra izvode sljede\u0107e kolegije koji se nude u sklopu slobodne\/ fakultetske izbornosti:<\/p>\n\n\n\n<p><a href=\"https:\/\/thetha.ffzg.hr\/ECTS\/Predmet\/Index\/35494\">Osnovni pojmovi dru\u0161tveno-humanisti\u010dkih znanosti<\/a><br>Nositeljica: izv. prof. dr. sc. Zrinka Bo\u017ei\u0107, 4 ECTS, 1P+2S<br>Izvo\u0111a\u010di: Ante Andabak (asistent), Karlo Dr\u017eai\u0107 (asistent) i Filip Ku\u010dekovi\u0107 (asistent)<\/p>\n\n\n\n<p><a href=\"https:\/\/theta.ffzg.hr\/ECTS\/Predmet\/Index\/35964\">Sociologija romana<\/a><br>Nositelj: prof. dr. sc. Dean Duda. 5 ECTS-a, 2P+1S<br>Izvo\u0111a\u010dica: dr. sc. Mirela Daki\u0107 (vi\u0161a asistentica) <\/p>\n\n\n\n<p><a href=\"https:\/\/thetha.ffzg.hr\/ECTS\/Predmet\/Index\/36355\">Finska: povijest, politika i roman<\/a><br>Nositeljica: izv. prof. dr. sc. Zrinka Bo\u017ei\u0107, 5 ECTS-a, 2P+1S<br>Izvo\u0111a\u010d: dr. sc. Eric Bergman (vi\u0161i asistent)<\/p>\n\n\n\n<p><a href=\"https:\/\/thetha.ffzg.hr\/ECTS\/Predmet\/Index\/36560\">Transnacionalizam u knji\u017eevnosti<\/a><br>Nositeljica: izv. prof. dr. sc. Zrinka Bo\u017ei\u0107, 5 ECTS-a, 2P+1S<br>Izvo\u0111a\u010d: dr. sc. Eric Bergman (vi\u0161i asistent)<\/p>\n\n\n\n<p><a href=\"https:\/\/thetha.ffzg.hr\/ECTS\/Predmet\/Index\/33941\">Manjinski identiteti u francuskoj knji\u017eevnosti: od homoseksualnosti do gay pokreta<\/a><br>Nositeljica:  izv. prof. dr. sc. Maja Zorica, 5 ECTS-a, 1P+2S<\/p>\n\n\n\n<p><a href=\"https:\/\/thetha.ffzg.hr\/ECTS\/Predmet\/Index\/35983\">Upotrebe politi\u010dkog romana<\/a><br>Nositelji i izvo\u0111a\u010di: izv. prof. dr. sc. Zrinka Bo\u017ei\u0107, prof. dr. sc. Nenad Ivi\u0107, izv. prof. dr. sc. Branimir Jankovi\u0107, 5 ECTS-a, 1P+2S<\/p>\n\n\n\n<p><\/p>\n\n\n\n<p><a href=\"https:\/\/web2020.ffzg.unizg.hr\/studiji\/raspored\/\">Raspored <\/a>za ljetni semestar 2025.\/2026. <\/p>\n\n\n\n<p><\/p>\n","protected":false},"excerpt":{"rendered":"<p>U suradnji s doma\u0107im i me\u0111unarodnim partnerima Centar organizira ljetnu \u0161kolu Summer School in Critical Theory and Praxis koja se odr\u017eava u Cresu. Osim ljetne \u0161kole, Centar studentima Filozofskog fakulteta redovito u sklopu fakultetske izbornosti nudi kolegije proiza\u0161le iz suradnje vi\u0161e disciplina o temama za koje dijele zajedni\u010dki interes. Dio kolegija uvr\u0161ten je i u<\/p>\n<p><a class=\"btn btn-secondary understrap-read-more-link\" href=\"https:\/\/ctih.ffzg.unizg.hr\/index.php\/djelatnosti\/nastava\/\">Read More<span class=\"screen-reader-text\"> from Nastava<\/span><\/a><\/p>\n","protected":false},"author":2,"featured_media":0,"parent":19,"menu_order":0,"comment_status":"closed","ping_status":"closed","template":"page-templates\/CTIH_activity_field.php","meta":{"_acf_changed":false,"inline_featured_image":false,"footnotes":""},"class_list":["post-59","page","type-page","status-publish","hentry"],"acf":[],"_links":{"self":[{"href":"https:\/\/ctih.ffzg.unizg.hr\/index.php\/wp-json\/wp\/v2\/pages\/59","targetHints":{"allow":["GET"]}}],"collection":[{"href":"https:\/\/ctih.ffzg.unizg.hr\/index.php\/wp-json\/wp\/v2\/pages"}],"about":[{"href":"https:\/\/ctih.ffzg.unizg.hr\/index.php\/wp-json\/wp\/v2\/types\/page"}],"author":[{"embeddable":true,"href":"https:\/\/ctih.ffzg.unizg.hr\/index.php\/wp-json\/wp\/v2\/users\/2"}],"replies":[{"embeddable":true,"href":"https:\/\/ctih.ffzg.unizg.hr\/index.php\/wp-json\/wp\/v2\/comments?post=59"}],"version-history":[{"count":15,"href":"https:\/\/ctih.ffzg.unizg.hr\/index.php\/wp-json\/wp\/v2\/pages\/59\/revisions"}],"predecessor-version":[{"id":829,"href":"https:\/\/ctih.ffzg.unizg.hr\/index.php\/wp-json\/wp\/v2\/pages\/59\/revisions\/829"}],"up":[{"embeddable":true,"href":"https:\/\/ctih.ffzg.unizg.hr\/index.php\/wp-json\/wp\/v2\/pages\/19"}],"wp:attachment":[{"href":"https:\/\/ctih.ffzg.unizg.hr\/index.php\/wp-json\/wp\/v2\/media?parent=59"}],"curies":[{"name":"wp","href":"https:\/\/api.w.org\/{rel}","templated":true}]}}