{"id":855,"date":"2026-02-12T17:56:25","date_gmt":"2026-02-12T17:56:25","guid":{"rendered":"https:\/\/ctih.ffzg.unizg.hr\/?page_id=855"},"modified":"2026-04-12T21:18:03","modified_gmt":"2026-04-12T21:18:03","slug":"hrvatska-moderna-antiratna-knjizevnost","status":"publish","type":"page","link":"https:\/\/ctih.ffzg.unizg.hr\/index.php\/djelatnosti\/istrazivanje\/hrvatska-moderna-antiratna-knjizevnost\/","title":{"rendered":"Hrvatska moderna antiratna knji\u017eevnost"},"content":{"rendered":"\n<p><br>Projektom Hrvatska moderna antiratna knji\u017eevnost postavit \u0107e se temelji sustavnom, vi\u0161eperspektivnom i metodolo\u0161ki suvremenom istra\u017eivanju hrvatske antiratne knji\u017eevnosti u njezinom \u0161irem diskurzivnom i povijesnom okru\u017eenju, koje \u0107e prvi put udru\u017eiti iscrpan pregled relevantne literature sa suvremenim teorijsko-metodolo\u0161kim okvirom primijenjenim na reprezentativnom knji\u017eevnom korpusu te arhivskim istra\u017eivanjima prethodno neobra\u0111ene gra\u0111e. Potaknuti suvremenim povijesnim kontekstom u kojem takva istra\u017eiva\u010dka pitanja ubrzano postaju sve va\u017enija, \u010dlanovi istra\u017eiva\u010dke skupine odlu\u010dili su reagirati na kroni\u010dnu zanemarenost sustavnog prou\u010davanja antiratne knji\u017eevnosti te svojim istra\u017eivanjem osigurati pretpostavke njezinoj revalorizaciji i repozicioniranju u knji\u017eevnopovijesnom i knji\u017eevnokriti\u010dkhom polju. Istra\u017eivanje \u0107e se usredoto\u010diti na tri tematska \u010dvori\u0161ta \u2013 dva svjetska rata i Domovinski rat \u2013 te \u0107e antiratnoj knji\u017eevnosti pristupiti kao \u017eanrovskom i dru\u0161tvenom fenomenu; bave\u0107i se njezinim strukturnim zna\u010dajkama, ali i politi\u010dkim i eti\u010dkim u\u010dincima, ulogom u njegovanju kulture sje\u0107anja, artikulaciji svjedo\u010denja i traume, izgradnji zajedni\u010dkih vrijednosti, oblikovanju antiratne svijesti i otpora ratohu\u0161ka\u010dkim ideologijama te totalitarnim praksama. Pritom \u0107e se interdisciplinarnim pristupom nadrasti tendencije historicisti\u010dkog pozitivizma i heteroklitnih nizanja tematolo\u0161kih prikaza koje su prevladavale u ranijem bavljenju antiratnom knji\u017eevnosti u hrvatskoj i me\u0111unarodnoj knji\u017eevnoznanstvenoj zajednici. Time \u0107e istra\u017eivanje dobiti odliku inovativnosti ne samo u hrvatskim, nego i \u0161irim me\u0111unarodnim okvirima. Kona\u010dno, va\u017ean aspekt projekta, s obzirom na svijest o dru\u0161tvenoj va\u017enosti tematike kojom se zaokuplja, bit \u0107e i diseminacija kako u stru\u010dnoj javnosti, tako i u \u0161irim dru\u0161tvenim skupinama poput obrazovnih radnika i neprofesionalnih \u010ditatelja.<\/p>\n\n\n\n<p>Op\u0161irnije:<\/p>\n\n\n\n<p><a href=\"https:\/\/www.croris.hr\/projekti\/projekt\/17065\">https:\/\/www.croris.hr\/projekti\/projekt\/17065<\/a><\/p>\n","protected":false},"excerpt":{"rendered":"<p>Projektom Hrvatska moderna antiratna knji\u017eevnost postavit \u0107e se temelji sustavnom, vi\u0161eperspektivnom i metodolo\u0161ki suvremenom istra\u017eivanju hrvatske antiratne knji\u017eevnosti u njezinom \u0161irem diskurzivnom i povijesnom okru\u017eenju, koje \u0107e prvi put udru\u017eiti iscrpan pregled relevantne literature sa suvremenim teorijsko-metodolo\u0161kim okvirom primijenjenim na reprezentativnom knji\u017eevnom korpusu te arhivskim istra\u017eivanjima prethodno neobra\u0111ene gra\u0111e. Potaknuti suvremenim povijesnim kontekstom u kojem<\/p>\n<p><a class=\"btn btn-secondary understrap-read-more-link\" href=\"https:\/\/ctih.ffzg.unizg.hr\/index.php\/djelatnosti\/istrazivanje\/hrvatska-moderna-antiratna-knjizevnost\/\">Read More<span class=\"screen-reader-text\"> from Hrvatska moderna antiratna knji\u017eevnost<\/span><\/a><\/p>\n","protected":false},"author":1,"featured_media":0,"parent":51,"menu_order":4,"comment_status":"closed","ping_status":"closed","template":"","meta":{"_acf_changed":false,"inline_featured_image":false,"footnotes":""},"class_list":["post-855","page","type-page","status-publish","hentry"],"acf":[],"_links":{"self":[{"href":"https:\/\/ctih.ffzg.unizg.hr\/index.php\/wp-json\/wp\/v2\/pages\/855","targetHints":{"allow":["GET"]}}],"collection":[{"href":"https:\/\/ctih.ffzg.unizg.hr\/index.php\/wp-json\/wp\/v2\/pages"}],"about":[{"href":"https:\/\/ctih.ffzg.unizg.hr\/index.php\/wp-json\/wp\/v2\/types\/page"}],"author":[{"embeddable":true,"href":"https:\/\/ctih.ffzg.unizg.hr\/index.php\/wp-json\/wp\/v2\/users\/1"}],"replies":[{"embeddable":true,"href":"https:\/\/ctih.ffzg.unizg.hr\/index.php\/wp-json\/wp\/v2\/comments?post=855"}],"version-history":[{"count":4,"href":"https:\/\/ctih.ffzg.unizg.hr\/index.php\/wp-json\/wp\/v2\/pages\/855\/revisions"}],"predecessor-version":[{"id":928,"href":"https:\/\/ctih.ffzg.unizg.hr\/index.php\/wp-json\/wp\/v2\/pages\/855\/revisions\/928"}],"up":[{"embeddable":true,"href":"https:\/\/ctih.ffzg.unizg.hr\/index.php\/wp-json\/wp\/v2\/pages\/51"}],"wp:attachment":[{"href":"https:\/\/ctih.ffzg.unizg.hr\/index.php\/wp-json\/wp\/v2\/media?parent=855"}],"curies":[{"name":"wp","href":"https:\/\/api.w.org\/{rel}","templated":true}]}}